{"id":296,"date":"2020-09-30T03:04:46","date_gmt":"2020-09-30T03:04:46","guid":{"rendered":"https:\/\/addval.cl\/payroll-lg1\/index.php\/home\/"},"modified":"2022-03-19T21:14:47","modified_gmt":"2022-03-20T01:14:47","slug":"home","status":"publish","type":"page","link":"https:\/\/addval.cl\/payroll-lg1\/","title":{"rendered":"Payroll Addval"},"content":{"rendered":"<p><!-- Event snippet for Enviar formulario conversion page\nIn your html page, add the snippet and call gtag_report_conversion when someone clicks on the chosen link or button. --><br>\n<script><br \/>\nfunction gtag_report_conversion(url) {<br \/>\n  var callback = function () {<br \/>\n    if (typeof(url) != 'undefined') {<br \/>\n      window.location = url;<br \/>\n    }<br \/>\n  };<br \/>\n  gtag('event', 'conversion', {<br \/>\n      'send_to': 'AW-10838709479\/wVJCCMj56qoDEOepprAo',<br \/>\n      'event_callback': callback<br \/>\n  });<br \/>\n  return false;<br \/>\n}<br \/>\n<\/script><\/p>\n<p><script type=\"text\/javascript\"><br \/>\n_linkedin_partner_id = \"3636450\";<br \/>\nwindow._linkedin_data_partner_ids = window._linkedin_data_partner_ids || [];<br \/>\nwindow._linkedin_data_partner_ids.push(_linkedin_partner_id);<br \/>\n<\/script><script type=\"text\/javascript\"><br \/>\n(function(l) {<br \/>\nif (!l){window.lintrk = function(a,b){window.lintrk.q.push([a,b])};<br \/>\nwindow.lintrk.q=[]}<br \/>\nvar s = document.getElementsByTagName(\"script\")[0];<br \/>\nvar b = document.createElement(\"script\");<br \/>\nb.type = \"text\/javascript\";b.async = true;<br \/>\nb.src = \"https:\/\/snap.licdn.com\/li.lms-analytics\/insight.min.js\";<br \/>\ns.parentNode.insertBefore(b, s);})(window.lintrk);<br \/>\n<\/script><br>\n<noscript><br>\n<img loading=\"lazy\" decoding=\"async\" height=\"1\" width=\"1\" style=\"display:none;\" alt=\"\" src=\"https:\/\/px.ads.linkedin.com\/collect\/?pid=3636450&amp;fmt=gif\"><br>\n<\/noscript><\/p>\n\n\n<div class=\"wp-block-cover alignfull is-light\" style=\"min-height:350px;aspect-ratio:unset;\"><span aria-hidden=\"true\" class=\"has-background-dim-0 wp-block-cover__gradient-background has-background-dim\"><\/span><img loading=\"lazy\" decoding=\"async\" width=\"2274\" height=\"635\" class=\"wp-block-cover__image-background wp-image-643\" alt=\"\" src=\"https:\/\/addval.cl\/payroll-lg1\/wp-content\/uploads\/2022\/01\/banner.jpg\" style=\"object-position:50% 54%\" data-object-fit=\"cover\" data-object-position=\"50% 54%\" srcset=\"https:\/\/addval.cl\/payroll-lg1\/wp-content\/uploads\/2022\/01\/banner.jpg 2274w, https:\/\/addval.cl\/payroll-lg1\/wp-content\/uploads\/2022\/01\/banner-300x84.jpg 300w, https:\/\/addval.cl\/payroll-lg1\/wp-content\/uploads\/2022\/01\/banner-1024x286.jpg 1024w, https:\/\/addval.cl\/payroll-lg1\/wp-content\/uploads\/2022\/01\/banner-768x214.jpg 768w, https:\/\/addval.cl\/payroll-lg1\/wp-content\/uploads\/2022\/01\/banner-1536x429.jpg 1536w, https:\/\/addval.cl\/payroll-lg1\/wp-content\/uploads\/2022\/01\/banner-2048x572.jpg 2048w\" sizes=\"auto, (max-width: 2274px) 100vw, 2274px\" \/><div class=\"wp-block-cover__inner-container is-layout-flow wp-block-cover-is-layout-flow\">\n<p class=\"has-text-align-center has-large-font-size\">&nbsp;<\/p>\n<\/div><\/div>\n\n\n\n<div class=\"wp-block-spacer\" style=\"height: 42px;\" aria-hidden=\"true\">&nbsp;<\/div>\n\n\n\n<h1 class=\"wp-block-heading\" id=\"servicio-payroll-de-addval\">Servicio Payroll de Addval<\/h1>\n\n\n\n<h2 class=\"wp-block-heading\" id=\"digitalizamos-y-simplificamos-el-pago-de-remuneraciones\"><strong><strong>Digitalizamos y simplificamos el pago de remuneraciones<\/strong><\/strong><\/h2>\n\n\n\n<div style=\"height:25px\" aria-hidden=\"true\" class=\"wp-block-spacer\"><\/div>\n\n\n\n<div class=\"seccion1\">\n<p>Impactando positivamente en la experiencia del colaborador, en la calidad de los procesos, y en los resultados de la organizaci\u00f3n.<\/p>\n<\/div>\n\n\n\n<div class=\"wp-block-group alignfull has-ast-global-color-4-background-color has-background is-layout-flow wp-block-group-is-layout-flow\"><div class=\"wp-block-group__inner-container\">\n<div class=\"wp-block-columns alignwide is-layout-flex wp-container-core-columns-is-layout-9d6595d7 wp-block-columns-is-layout-flex\">\n<div class=\"wp-block-column is-layout-flow wp-block-column-is-layout-flow\">\n<h2 class=\"wp-block-heading\" id=\"la-gestion-de-remuneraciones-addval-significa\"><strong>La gesti\u00f3n de remuneraciones Addval significa<\/strong><\/h2>\n\n\n\n<ul class=\"wp-block-list\"><li>Precisi\u00f3n&nbsp;y&nbsp;confidencialidad&nbsp;en&nbsp;c\u00e1lculos, pagos&nbsp;y reportes.<\/li><li>Mejores&nbsp;relaciones entre&nbsp;la empresa y sus colaboradores.<\/li><li>Equipos compactos de RRHH,&nbsp;m\u00e1s efectivos&nbsp;y eficientes.<\/li><li>Cumplimiento oportuno de las obligaciones empresariales.<\/li><\/ul>\n\n\n\n<p><\/p>\n\n\n\n<h2 class=\"wp-block-heading\" id=\"addval-10-anos-tercerizando-pagos-de-nomina\"><strong>Addval: 10 a\u00f1os tercerizando pagos de n\u00f3mina<\/strong><\/h2>\n\n\n\n<ul class=\"wp-block-list\"><li>Rol privado y general para empresas grandes y peque\u00f1as.<\/li><li>Software Buk de gesti\u00f3n de payroll, con soporte propio de TI.<\/li><li>Experiencia y adaptabilidad en diversos modelos de compensaci\u00f3n.<\/li><li>Clientes en miner\u00eda, salud, entretenci\u00f3n, agro, servicios, entre otros.<\/li><\/ul>\n\n\n\n<h2 class=\"wp-block-heading\" id=\"nuestro-servicio-de-externalizacion-de-nomina-incluye\"><strong>Nuestro servicio de externalizaci\u00f3n de n\u00f3mina incluye<\/strong><\/h2>\n\n\n\n<ul class=\"wp-block-list\"><li>Portal de autoservicio e informaci\u00f3n del empleado en internet.<\/li><li>Solicitud y aprobaci\u00f3n digital de documentos y constancias.<\/li><li>Actualizaci\u00f3n permanente y asesor\u00eda jur\u00eddica laboral.<\/li><li>C\u00e1lculos declaraciones y pagos, libros electr\u00f3nicos, contratos, finiquitos.&nbsp;<\/li><\/ul>\n<\/div>\n\n\n\n<div class=\"wp-block-column is-vertically-aligned-top is-layout-flow wp-block-column-is-layout-flow\">\n<h3 class=\"wp-block-heading\" id=\"contactanos-para-una-evaluacion-personalizada\"><strong>Cont\u00e1ctanos para una evaluaci\u00f3n personalizada<\/strong><\/h3>\n\n\n\n<p>Revisemos&nbsp;tu caso particular&nbsp;junto con&nbsp;nuestros especialistas en&nbsp;RRHH, para definir&nbsp;el&nbsp;plan que cumpla con&nbsp;tus requerimientos.<\/p>\n\n\n\n<p>\u25ba <strong>Ll\u00e1manos al&nbsp;<a href=\"tel:+56232428130\">+56 2 3242-8130<\/a>&nbsp;para atenci\u00f3n inmediata.&nbsp;<\/strong><\/p>\n\n\n\n<p>Escr\u00edbenos&nbsp;a&nbsp;<a href=\"mailto:contacto@addval.cl?subject=Payroll%20Addval\">contacto@addval.cl<\/a>&nbsp;o llena este formulario para solicitar&nbsp;informaci\u00f3n&nbsp;adicional de nuestro servicio de&nbsp;payroll.<\/p>\n\n\n<div class=\"wpforms-container \" id=\"wpforms-5\"><form id=\"wpforms-form-5\" class=\"wpforms-validate wpforms-form\" data-formid=\"5\" method=\"post\" enctype=\"multipart\/form-data\" action=\"\/payroll-lg1\/index.php\/wp-json\/wp\/v2\/pages\/296\" data-token=\"a5550b601e9a0dc297d17de8bfd9a25a\"><noscript class=\"wpforms-error-noscript\">Please enable JavaScript in your browser to complete this form.<\/noscript><div class=\"wpforms-field-container\"><div id=\"wpforms-5-field_1-container\" class=\"wpforms-field wpforms-field-name\" data-field-id=\"1\"><label class=\"wpforms-field-label wpforms-label-hide\" for=\"wpforms-5-field_1\">Nombre <span class=\"wpforms-required-label\">*<\/span><\/label><input type=\"text\" id=\"wpforms-5-field_1\" class=\"wpforms-field-large wpforms-field-required\" name=\"wpforms[fields][1]\" placeholder=\"Nombre y apellido*\" required><\/div><div id=\"wpforms-5-field_2-container\" class=\"wpforms-field wpforms-field-email\" data-field-id=\"2\"><label class=\"wpforms-field-label wpforms-label-hide\" for=\"wpforms-5-field_2\">Email <span class=\"wpforms-required-label\">*<\/span><\/label><input type=\"email\" id=\"wpforms-5-field_2\" class=\"wpforms-field-large wpforms-field-required\" name=\"wpforms[fields][2]\" placeholder=\"Direcci\u00f3n de correo electr\u00f3nico*\" required><\/div><div id=\"wpforms-5-field_3-container\" class=\"wpforms-field wpforms-field-number\" data-field-id=\"3\"><label class=\"wpforms-field-label wpforms-label-hide\" for=\"wpforms-5-field_3\">N\u00famero de Contacto<\/label><input type=\"number\" pattern=\"\\d*\" id=\"wpforms-5-field_3\" class=\"wpforms-field-large\" name=\"wpforms[fields][3]\" placeholder=\"Ejemplo: &quot;+56 9 8765 4321&quot;\" ><\/div><div id=\"wpforms-5-field_5-container\" class=\"wpforms-field wpforms-field-textarea\" data-field-id=\"5\"><label class=\"wpforms-field-label wpforms-label-hide\" for=\"wpforms-5-field_5\">Mensaje<\/label><textarea id=\"wpforms-5-field_5\" class=\"wpforms-field-medium\" name=\"wpforms[fields][5]\" placeholder=\"Mensaje\" ><\/textarea><\/div><\/div><div class=\"wpforms-submit-container\"><input type=\"hidden\" name=\"wpforms[id]\" value=\"5\"><input type=\"hidden\" name=\"wpforms[author]\" value=\"1\"><button type=\"submit\" name=\"wpforms[submit]\" id=\"wpforms-submit-5\" class=\"wpforms-submit\" data-alt-text=\"Enviando...\" data-submit-text=\"Enviar mensaje\" aria-live=\"assertive\" value=\"wpforms-submit\">Enviar mensaje<\/button><\/div><\/form><\/div>  <!-- .wpforms-container -->\n\n\n\n<div class=\"wp-block-image\"><figure class=\"alignright size-full is-resized\"><img loading=\"lazy\" decoding=\"async\" src=\"https:\/\/addval.cl\/payroll-lg1\/wp-content\/uploads\/2022\/01\/partner.png\" alt=\"\" class=\"wp-image-703\" width=\"281\" height=\"206\" srcset=\"https:\/\/addval.cl\/payroll-lg1\/wp-content\/uploads\/2022\/01\/partner.png 984w, https:\/\/addval.cl\/payroll-lg1\/wp-content\/uploads\/2022\/01\/partner-300x220.png 300w, https:\/\/addval.cl\/payroll-lg1\/wp-content\/uploads\/2022\/01\/partner-768x562.png 768w\" sizes=\"auto, (max-width: 281px) 100vw, 281px\" \/><\/figure><\/div>\n\n\n\n<p>&nbsp;<\/p>\n<\/div>\n<\/div>\n\n\n\n<p>&nbsp;<\/p>\n<\/div><\/div>\n\n\n\n<p>&nbsp;<\/p>\n","protected":false},"excerpt":{"rendered":"<p>&nbsp; Servicio Payroll de Addval Digitalizamos y simplificamos el pago de remuneraciones Impactando positivamente en la experiencia del colaborador, en la calidad de los procesos, y en los resultados de la organizaci\u00f3n. La gesti\u00f3n de remuneraciones Addval significa Precisi\u00f3n&nbsp;y&nbsp;confidencialidad&nbsp;en&nbsp;c\u00e1lculos, pagos&nbsp;y reportes. Mejores&nbsp;relaciones entre&nbsp;la empresa y sus colaboradores. Equipos compactos de RRHH,&nbsp;m\u00e1s efectivos&nbsp;y eficientes. Cumplimiento oportuno &hellip;<\/p>\n<p class=\"read-more\"> <a class=\"\" href=\"https:\/\/addval.cl\/payroll-lg1\/\"> <span class=\"screen-reader-text\">Payroll Addval<\/span> Read More &raquo;<\/a><\/p>\n","protected":false},"author":1,"featured_media":722,"parent":0,"menu_order":0,"comment_status":"closed","ping_status":"closed","template":"","meta":{"_monsterinsights_skip_tracking":false,"_monsterinsights_sitenote_active":false,"_monsterinsights_sitenote_note":"","_monsterinsights_sitenote_category":0,"site-sidebar-layout":"no-sidebar","site-content-layout":"plain-container","ast-main-header-display":"","ast-hfb-above-header-display":"","ast-hfb-below-header-display":"","ast-hfb-mobile-header-display":"","site-post-title":"disabled","ast-breadcrumbs-content":"","ast-featured-img":"disabled","footer-sml-layout":"disabled","theme-transparent-header-meta":"enabled","adv-header-id-meta":"","stick-header-meta":"","header-above-stick-meta":"","header-main-stick-meta":"","header-below-stick-meta":"","footnotes":""},"class_list":["post-296","page","type-page","status-publish","has-post-thumbnail","hentry"],"_links":{"self":[{"href":"https:\/\/addval.cl\/payroll-lg1\/index.php\/wp-json\/wp\/v2\/pages\/296","targetHints":{"allow":["GET"]}}],"collection":[{"href":"https:\/\/addval.cl\/payroll-lg1\/index.php\/wp-json\/wp\/v2\/pages"}],"about":[{"href":"https:\/\/addval.cl\/payroll-lg1\/index.php\/wp-json\/wp\/v2\/types\/page"}],"author":[{"embeddable":true,"href":"https:\/\/addval.cl\/payroll-lg1\/index.php\/wp-json\/wp\/v2\/users\/1"}],"replies":[{"embeddable":true,"href":"https:\/\/addval.cl\/payroll-lg1\/index.php\/wp-json\/wp\/v2\/comments?post=296"}],"version-history":[{"count":60,"href":"https:\/\/addval.cl\/payroll-lg1\/index.php\/wp-json\/wp\/v2\/pages\/296\/revisions"}],"predecessor-version":[{"id":737,"href":"https:\/\/addval.cl\/payroll-lg1\/index.php\/wp-json\/wp\/v2\/pages\/296\/revisions\/737"}],"wp:featuredmedia":[{"embeddable":true,"href":"https:\/\/addval.cl\/payroll-lg1\/index.php\/wp-json\/wp\/v2\/media\/722"}],"wp:attachment":[{"href":"https:\/\/addval.cl\/payroll-lg1\/index.php\/wp-json\/wp\/v2\/media?parent=296"}],"curies":[{"name":"wp","href":"https:\/\/api.w.org\/{rel}","templated":true}]}}